{"id":29,"date":"2022-12-13T18:29:23","date_gmt":"2022-12-13T17:29:23","guid":{"rendered":"https:\/\/solizag.digital-adviser.eu\/?page_id=29"},"modified":"2022-12-27T21:38:22","modified_gmt":"2022-12-27T20:38:22","slug":"info","status":"publish","type":"page","link":"https:\/\/solizag.hr\/en\/home\/info\/","title":{"rendered":"Info"},"content":{"rendered":"<div data-elementor-type=\"wp-page\" data-elementor-id=\"29\" class=\"elementor elementor-29\" data-elementor-post-type=\"page\">\n\t\t\t\t\t\t\t\t\t<section class=\"elementor-section elementor-top-section elementor-element elementor-element-3e0d2d6 elementor-section-full_width elementor-section-height-default elementor-section-height-default\" data-id=\"3e0d2d6\" data-element_type=\"section\" data-settings=\"{&quot;background_background&quot;:&quot;classic&quot;}\">\n\t\t\t\t\t\t<div class=\"elementor-container elementor-column-gap-default\">\n\t\t\t\t\t<div class=\"elementor-column elementor-col-100 elementor-top-column elementor-element elementor-element-2545f17\" data-id=\"2545f17\" data-element_type=\"column\">\n\t\t\t<div class=\"elementor-widget-wrap elementor-element-populated\">\n\t\t\t\t\t\t\t\t<div class=\"elementor-element elementor-element-d61e5d9 elementor--h-position-center elementor--v-position-middle elementor-arrows-position-inside elementor-pagination-position-inside elementor-widget elementor-widget-slides\" data-id=\"d61e5d9\" data-element_type=\"widget\" data-settings=\"{&quot;navigation&quot;:&quot;both&quot;,&quot;autoplay&quot;:&quot;yes&quot;,&quot;pause_on_hover&quot;:&quot;yes&quot;,&quot;pause_on_interaction&quot;:&quot;yes&quot;,&quot;autoplay_speed&quot;:5000,&quot;infinite&quot;:&quot;yes&quot;,&quot;transition&quot;:&quot;slide&quot;,&quot;transition_speed&quot;:500}\" data-widget_type=\"slides.default\">\n\t\t\t\t<div class=\"elementor-widget-container\">\n\t\t\t<style>\/*! elementor-pro - v3.17.0 - 01-11-2023 *\/\n.elementor-slides .swiper-slide-bg{background-size:cover;background-position:50%;background-repeat:no-repeat;min-width:100%;min-height:100%}.elementor-slides .swiper-slide-inner{background-repeat:no-repeat;background-position:50%;position:absolute;top:0;left:0;bottom:0;right:0;padding:50px;margin:auto}.elementor-slides .swiper-slide-inner,.elementor-slides .swiper-slide-inner:hover{color:#fff;display:flex}.elementor-slides .swiper-slide-inner .elementor-background-overlay{position:absolute;z-index:0;top:0;bottom:0;left:0;right:0}.elementor-slides .swiper-slide-inner .elementor-slide-content{position:relative;z-index:1;width:100%}.elementor-slides .swiper-slide-inner .elementor-slide-heading{font-size:35px;font-weight:700;line-height:1}.elementor-slides .swiper-slide-inner .elementor-slide-description{font-size:17px;line-height:1.4}.elementor-slides .swiper-slide-inner .elementor-slide-description:not(:last-child),.elementor-slides .swiper-slide-inner .elementor-slide-heading:not(:last-child){margin-bottom:30px}.elementor-slides .swiper-slide-inner .elementor-slide-button{border:2px solid #fff;color:#fff;background:transparent;display:inline-block}.elementor-slides .swiper-slide-inner .elementor-slide-button,.elementor-slides .swiper-slide-inner .elementor-slide-button:hover{background:transparent;color:inherit;text-decoration:none}.elementor--v-position-top .swiper-slide-inner{align-items:flex-start}.elementor--v-position-bottom .swiper-slide-inner{align-items:flex-end}.elementor--v-position-middle .swiper-slide-inner{align-items:center}.elementor--h-position-left .swiper-slide-inner{justify-content:flex-start}.elementor--h-position-right .swiper-slide-inner{justify-content:flex-end}.elementor--h-position-center .swiper-slide-inner{justify-content:center}body.rtl .elementor-widget-slides .elementor-swiper-button-next{left:10px;right:auto}body.rtl .elementor-widget-slides .elementor-swiper-button-prev{right:10px;left:auto}.elementor-slides-wrapper div:not(.swiper-slide)>.swiper-slide-inner{display:none}@media (max-width:767px){.elementor-slides .swiper-slide-inner{padding:30px}.elementor-slides .swiper-slide-inner .elementor-slide-heading{font-size:23px;line-height:1;margin-bottom:15px}.elementor-slides .swiper-slide-inner .elementor-slide-description{font-size:13px;line-height:1.4;margin-bottom:15px}}<\/style>\t\t<div class=\"elementor-swiper\">\n\t\t\t<div class=\"elementor-slides-wrapper elementor-main-swiper swiper-container\" dir=\"ltr\" data-animation=\"fadeInUp\">\n\t\t\t\t<div class=\"swiper-wrapper elementor-slides\">\n\t\t\t\t\t\t\t\t\t\t<div class=\"elementor-repeater-item-2595b08 swiper-slide\"><div class=\"swiper-slide-bg elementor-ken-burns elementor-ken-burns--in\" role=\"img\"><\/div><div class=\"elementor-background-overlay\"><\/div><div class=\"swiper-slide-inner\" ><div class=\"swiper-slide-contents\"><div class=\"elementor-slide-heading\">ABOUT THE PROJECT<\/div><div class=\"elementor-slide-description\">The \"SOLIZAG\" project aims to increase the use of renewable energy sources in institutions and properties owned or founded by the City of Zagreb and at the location of the Podruznica \u010cisto\u0107e property, which is part of Zagreb holding d.o.o.<\/div><\/div><\/div><\/div>\t\t\t\t<\/div>\n\t\t\t\t\t\t\t<\/div>\n\t\t<\/div>\n\t\t\t\t<\/div>\n\t\t\t\t<\/div>\n\t\t\t\t\t<\/div>\n\t\t<\/div>\n\t\t\t\t\t\t\t<\/div>\n\t\t<\/section>\n\t\t\t\t<section class=\"elementor-section elementor-top-section elementor-element elementor-element-3f783cc elementor-reverse-mobile elementor-section-boxed elementor-section-height-default elementor-section-height-default\" data-id=\"3f783cc\" data-element_type=\"section\">\n\t\t\t\t\t\t<div class=\"elementor-container elementor-column-gap-default\">\n\t\t\t\t\t<div class=\"elementor-column elementor-col-100 elementor-top-column elementor-element elementor-element-9c52a49\" data-id=\"9c52a49\" data-element_type=\"column\">\n\t\t\t<div class=\"elementor-widget-wrap elementor-element-populated\">\n\t\t\t\t\t\t\t\t<div class=\"elementor-element elementor-element-752e29a elementor-widget elementor-widget-text-editor\" data-id=\"752e29a\" data-element_type=\"widget\" data-widget_type=\"text-editor.default\">\n\t\t\t\t<div class=\"elementor-widget-container\">\n\t\t\t<style>\/*! elementor - v3.17.0 - 01-11-2023 *\/\n.elementor-widget-text-editor.elementor-drop-cap-view-stacked .elementor-drop-cap{background-color:#69727d;color:#fff}.elementor-widget-text-editor.elementor-drop-cap-view-framed .elementor-drop-cap{color:#69727d;border:3px solid;background-color:transparent}.elementor-widget-text-editor:not(.elementor-drop-cap-view-default) .elementor-drop-cap{margin-top:8px}.elementor-widget-text-editor:not(.elementor-drop-cap-view-default) .elementor-drop-cap-letter{width:1em;height:1em}.elementor-widget-text-editor .elementor-drop-cap{float:left;text-align:center;line-height:1;font-size:50px}.elementor-widget-text-editor .elementor-drop-cap-letter{display:inline-block}<\/style>\t\t\t\t<p>The \"SOLIZAG\" project aims to increase the use of renewable energy sources in institutions and properties owned or founded by the City of Zagreb and at the location of the Podruznica \u010cisto\u0107e property, which is part of Zagreb holding d.o.o. The increase in the use of renewable energy sources will be achieved through the implementation of eight pilot projects where solar power plants with a total capacity of 1.43 MW will be built for the purpose of self-supply. The implementation of eight pilot projects will increase the use of renewable energy sources by 1400 MWh and reduce CO2 emissions by 222 t\/year. The applicant of the \"SOLIZAG\" project is the City of Zagreb, and the national partner is Zagreba\u010dki holding d.o.o. In addition to the national partner, a partner from the donor country (Norway), the Energy Farm International Foundation, also participates in the project. The Project implementation period is from July 11, 2022 to April 30, 2024.<\/p><p>On September 14, 2021, the Ministry of Regional Development and Funds of the European Union announced the Call for the submission of project proposals \"Increasing the capacity for the production of solar energy\" which is financed from the Financial Mechanism of the European Economic Area 2014-2021, as part of the \"Energy and Climate Change\" Program \".<\/p><p>On May 6, 2022, the Ministry of Regional Development and Funds of the European Union adopted the Decision on the financing of the Project (CLASS: 971-01\/22-33\/2, UR NO: 538-07-1-1\/608-22-6) which acquired formal - legal assumptions for the acceptance of the Grant Agreement for the project \"Solarization of Institutions of the City of Zagreb (SOLIZAG)\", reference number 75, which is financed from the EEA financial mechanism for the period from 2014 to 2021 within the framework of the implementation of the Program \"Energy and Climate changes\" (hereinafter: contract). Along with the contract, the project partners also sign the Partnership Agreement, which is an integral part of the contract. The total value of the \"SOLIZAG\" Project amounts to EUR 1,169,421.33, of which the amount of grants amounts to EUR 994,008.13.<\/p>\t\t\t\t\t\t<\/div>\n\t\t\t\t<\/div>\n\t\t\t\t<div class=\"elementor-element elementor-element-b6b3b17 elementor-widget elementor-widget-facebook-button\" data-id=\"b6b3b17\" data-element_type=\"widget\" data-widget_type=\"facebook-button.default\">\n\t\t\t\t<div class=\"elementor-widget-container\">\n\t\t\t<style>\/*! elementor-pro - v3.17.0 - 01-11-2023 *\/\n.elementor-facebook-widget.fb_iframe_widget,.elementor-facebook-widget.fb_iframe_widget span{width:100%!important}.elementor-facebook-widget.fb_iframe_widget iframe{position:relative;width:100%!important}.elementor-facebook-widget.fb-like{height:1px}.elementor-widget-facebook-comments iframe{width:100%!important}<\/style>\t\t<div data-layout=\"standard\" data-colorscheme=\"light\" data-size=\"small\" data-show-faces=\"true\" class=\"elementor-facebook-widget fb-like\" data-href=\"https:\/\/solizag.hr\/en?p=29\" data-share=\"false\" data-action=\"like\"><\/div>\n\t\t\t\t<\/div>\n\t\t\t\t<\/div>\n\t\t\t\t\t<\/div>\n\t\t<\/div>\n\t\t\t\t\t\t\t<\/div>\n\t\t<\/section>\n\t\t\t\t\t\t\t<\/div>","protected":false},"excerpt":{"rendered":"<p>INFO O PROJEKTUProjekt \u201eSOLIZAG\u201c ima za cilj pove\u0107anje kori\u0161tenja obnovljivih izvora energije u ustanovama i nekretninama kojima je vlasnik ili osniva\u010d Grad Zagreb te na lokaciji nekretnine Podru\u017enice \u010cisto\u0107e koja je u sastavu Zagreba\u010dkog holdinga d.o.o. Projekt \u201eSOLIZAG\u201c ima za cilj pove\u0107anje kori\u0161tenja obnovljivih izvora energije u ustanovama i nekretninama kojima je vlasnik ili osniva\u010d [&hellip;]<\/p>","protected":false},"author":1,"featured_media":0,"parent":13,"menu_order":0,"comment_status":"closed","ping_status":"closed","template":"elementor_header_footer","meta":{"footnotes":""},"yoast_head":"<!-- This site is optimized with the Yoast SEO plugin v21.5 - https:\/\/yoast.com\/wordpress\/plugins\/seo\/ -->\n<title>Info - SOLIZAG<\/title>\n<meta name=\"robots\" content=\"index, follow, max-snippet:-1, max-image-preview:large, max-video-preview:-1\" \/>\n<link rel=\"canonical\" href=\"https:\/\/solizag.hr\/en\/home\/info\/\" \/>\n<meta property=\"og:locale\" content=\"en_GB\" \/>\n<meta property=\"og:type\" content=\"article\" \/>\n<meta property=\"og:title\" content=\"Info - SOLIZAG\" \/>\n<meta property=\"og:description\" content=\"INFO O PROJEKTUProjekt \u201eSOLIZAG\u201c ima za cilj pove\u0107anje kori\u0161tenja obnovljivih izvora energije u ustanovama i nekretninama kojima je vlasnik ili osniva\u010d Grad Zagreb te na lokaciji nekretnine Podru\u017enice \u010cisto\u0107e koja je u sastavu Zagreba\u010dkog holdinga d.o.o. Projekt \u201eSOLIZAG\u201c ima za cilj pove\u0107anje kori\u0161tenja obnovljivih izvora energije u ustanovama i nekretninama kojima je vlasnik ili osniva\u010d [&hellip;]\" \/>\n<meta property=\"og:url\" content=\"https:\/\/solizag.hr\/en\/home\/info\/\" \/>\n<meta property=\"og:site_name\" content=\"SOLIZAG\" \/>\n<meta property=\"article:modified_time\" content=\"2022-12-27T20:38:22+00:00\" \/>\n<meta name=\"twitter:card\" content=\"summary_large_image\" \/>\n<meta name=\"twitter:label1\" content=\"Estimated reading time\" \/>\n\t<meta name=\"twitter:data1\" content=\"2 minutes\" \/>\n<script type=\"application\/ld+json\" class=\"yoast-schema-graph\">{\"@context\":\"https:\/\/schema.org\",\"@graph\":[{\"@type\":\"WebPage\",\"@id\":\"https:\/\/solizag.hr\/hr\/home\/info\/\",\"url\":\"https:\/\/solizag.hr\/hr\/home\/info\/\",\"name\":\"Info - SOLIZAG\",\"isPartOf\":{\"@id\":\"https:\/\/solizag.hr\/hr\/#website\"},\"datePublished\":\"2022-12-13T17:29:23+00:00\",\"dateModified\":\"2022-12-27T20:38:22+00:00\",\"breadcrumb\":{\"@id\":\"https:\/\/solizag.hr\/hr\/home\/info\/#breadcrumb\"},\"inLanguage\":\"en-GB\",\"potentialAction\":[{\"@type\":\"ReadAction\",\"target\":[\"https:\/\/solizag.hr\/hr\/home\/info\/\"]}]},{\"@type\":\"BreadcrumbList\",\"@id\":\"https:\/\/solizag.hr\/hr\/home\/info\/#breadcrumb\",\"itemListElement\":[{\"@type\":\"ListItem\",\"position\":1,\"name\":\"Home\",\"item\":\"https:\/\/solizag.hr\/hr\/\"},{\"@type\":\"ListItem\",\"position\":2,\"name\":\"Home\",\"item\":\"https:\/\/solizag.hr\/hr\/\"},{\"@type\":\"ListItem\",\"position\":3,\"name\":\"Info\"}]},{\"@type\":\"WebSite\",\"@id\":\"https:\/\/solizag.hr\/hr\/#website\",\"url\":\"https:\/\/solizag.hr\/hr\/\",\"name\":\"SOLIZAG\",\"description\":\"Zajedno za zelenu, konkurentnu i uklju\u010divu Europu\",\"publisher\":{\"@id\":\"https:\/\/solizag.hr\/hr\/#organization\"},\"potentialAction\":[{\"@type\":\"SearchAction\",\"target\":{\"@type\":\"EntryPoint\",\"urlTemplate\":\"https:\/\/solizag.hr\/hr\/?s={search_term_string}\"},\"query-input\":\"required name=search_term_string\"}],\"inLanguage\":\"en-GB\"},{\"@type\":\"Organization\",\"@id\":\"https:\/\/solizag.hr\/hr\/#organization\",\"name\":\"SOLIZAG\",\"url\":\"https:\/\/solizag.hr\/hr\/\",\"logo\":{\"@type\":\"ImageObject\",\"inLanguage\":\"en-GB\",\"@id\":\"https:\/\/solizag.hr\/hr\/#\/schema\/logo\/image\/\",\"url\":\"https:\/\/solizag.hr\/wp-content\/uploads\/2022\/12\/SOLIZAG3.png\",\"contentUrl\":\"https:\/\/solizag.hr\/wp-content\/uploads\/2022\/12\/SOLIZAG3.png\",\"width\":768,\"height\":180,\"caption\":\"SOLIZAG\"},\"image\":{\"@id\":\"https:\/\/solizag.hr\/hr\/#\/schema\/logo\/image\/\"}}]}<\/script>\n<!-- \/ Yoast SEO plugin. -->","yoast_head_json":{"title":"Info - SOLIZAG","robots":{"index":"index","follow":"follow","max-snippet":"max-snippet:-1","max-image-preview":"max-image-preview:large","max-video-preview":"max-video-preview:-1"},"canonical":"https:\/\/solizag.hr\/en\/home\/info\/","og_locale":"en_GB","og_type":"article","og_title":"Info - SOLIZAG","og_description":"INFO O PROJEKTUProjekt \u201eSOLIZAG\u201c ima za cilj pove\u0107anje kori\u0161tenja obnovljivih izvora energije u ustanovama i nekretninama kojima je vlasnik ili osniva\u010d Grad Zagreb te na lokaciji nekretnine Podru\u017enice \u010cisto\u0107e koja je u sastavu Zagreba\u010dkog holdinga d.o.o. Projekt \u201eSOLIZAG\u201c ima za cilj pove\u0107anje kori\u0161tenja obnovljivih izvora energije u ustanovama i nekretninama kojima je vlasnik ili osniva\u010d [&hellip;]","og_url":"https:\/\/solizag.hr\/en\/home\/info\/","og_site_name":"SOLIZAG","article_modified_time":"2022-12-27T20:38:22+00:00","twitter_card":"summary_large_image","twitter_misc":{"Estimated reading time":"2 minutes"},"schema":{"@context":"https:\/\/schema.org","@graph":[{"@type":"WebPage","@id":"https:\/\/solizag.hr\/hr\/home\/info\/","url":"https:\/\/solizag.hr\/hr\/home\/info\/","name":"Info - SOLIZAG","isPartOf":{"@id":"https:\/\/solizag.hr\/hr\/#website"},"datePublished":"2022-12-13T17:29:23+00:00","dateModified":"2022-12-27T20:38:22+00:00","breadcrumb":{"@id":"https:\/\/solizag.hr\/hr\/home\/info\/#breadcrumb"},"inLanguage":"en-GB","potentialAction":[{"@type":"ReadAction","target":["https:\/\/solizag.hr\/hr\/home\/info\/"]}]},{"@type":"BreadcrumbList","@id":"https:\/\/solizag.hr\/hr\/home\/info\/#breadcrumb","itemListElement":[{"@type":"ListItem","position":1,"name":"Home","item":"https:\/\/solizag.hr\/hr\/"},{"@type":"ListItem","position":2,"name":"Home","item":"https:\/\/solizag.hr\/hr\/"},{"@type":"ListItem","position":3,"name":"Info"}]},{"@type":"WebSite","@id":"https:\/\/solizag.hr\/hr\/#website","url":"https:\/\/solizag.hr\/hr\/","name":"SOLIZAG","description":"Zajedno za zelenu, konkurentnu i uklju\u010divu Europu","publisher":{"@id":"https:\/\/solizag.hr\/hr\/#organization"},"potentialAction":[{"@type":"SearchAction","target":{"@type":"EntryPoint","urlTemplate":"https:\/\/solizag.hr\/hr\/?s={search_term_string}"},"query-input":"required name=search_term_string"}],"inLanguage":"en-GB"},{"@type":"Organization","@id":"https:\/\/solizag.hr\/hr\/#organization","name":"SOLIZAG","url":"https:\/\/solizag.hr\/hr\/","logo":{"@type":"ImageObject","inLanguage":"en-GB","@id":"https:\/\/solizag.hr\/hr\/#\/schema\/logo\/image\/","url":"https:\/\/solizag.hr\/wp-content\/uploads\/2022\/12\/SOLIZAG3.png","contentUrl":"https:\/\/solizag.hr\/wp-content\/uploads\/2022\/12\/SOLIZAG3.png","width":768,"height":180,"caption":"SOLIZAG"},"image":{"@id":"https:\/\/solizag.hr\/hr\/#\/schema\/logo\/image\/"}}]}},"_links":{"self":[{"href":"https:\/\/solizag.hr\/en\/wp-json\/wp\/v2\/pages\/29"}],"collection":[{"href":"https:\/\/solizag.hr\/en\/wp-json\/wp\/v2\/pages"}],"about":[{"href":"https:\/\/solizag.hr\/en\/wp-json\/wp\/v2\/types\/page"}],"author":[{"embeddable":true,"href":"https:\/\/solizag.hr\/en\/wp-json\/wp\/v2\/users\/1"}],"replies":[{"embeddable":true,"href":"https:\/\/solizag.hr\/en\/wp-json\/wp\/v2\/comments?post=29"}],"version-history":[{"count":11,"href":"https:\/\/solizag.hr\/en\/wp-json\/wp\/v2\/pages\/29\/revisions"}],"predecessor-version":[{"id":494,"href":"https:\/\/solizag.hr\/en\/wp-json\/wp\/v2\/pages\/29\/revisions\/494"}],"up":[{"embeddable":true,"href":"https:\/\/solizag.hr\/en\/wp-json\/wp\/v2\/pages\/13"}],"wp:attachment":[{"href":"https:\/\/solizag.hr\/en\/wp-json\/wp\/v2\/media?parent=29"}],"curies":[{"name":"wp","href":"https:\/\/api.w.org\/{rel}","templated":true}]}}