{"id":71,"date":"2022-12-15T11:37:57","date_gmt":"2022-12-15T10:37:57","guid":{"rendered":"https:\/\/solizag.digital-adviser.eu\/?page_id=71"},"modified":"2023-01-26T14:02:02","modified_gmt":"2023-01-26T13:02:02","slug":"financijski-mehanizmi","status":"publish","type":"page","link":"https:\/\/solizag.hr\/en\/financijski-mehanizmi\/","title":{"rendered":"Financial mechanisms"},"content":{"rendered":"<div data-elementor-type=\"wp-page\" data-elementor-id=\"71\" class=\"elementor elementor-71\" data-elementor-post-type=\"page\">\n\t\t\t\t\t\t\t\t\t<section class=\"elementor-section elementor-top-section elementor-element elementor-element-69b648d elementor-section-full_width elementor-section-height-default elementor-section-height-default\" data-id=\"69b648d\" data-element_type=\"section\" data-settings=\"{&quot;background_background&quot;:&quot;classic&quot;}\">\n\t\t\t\t\t\t<div class=\"elementor-container elementor-column-gap-default\">\n\t\t\t\t\t<div class=\"elementor-column elementor-col-100 elementor-top-column elementor-element elementor-element-f46c24b\" data-id=\"f46c24b\" data-element_type=\"column\">\n\t\t\t<div class=\"elementor-widget-wrap elementor-element-populated\">\n\t\t\t\t\t\t\t\t<div class=\"elementor-element elementor-element-ced9cea elementor--h-position-center elementor--v-position-middle elementor-arrows-position-inside elementor-pagination-position-inside elementor-widget elementor-widget-slides\" data-id=\"ced9cea\" data-element_type=\"widget\" data-settings=\"{&quot;navigation&quot;:&quot;both&quot;,&quot;autoplay&quot;:&quot;yes&quot;,&quot;pause_on_hover&quot;:&quot;yes&quot;,&quot;pause_on_interaction&quot;:&quot;yes&quot;,&quot;autoplay_speed&quot;:5000,&quot;infinite&quot;:&quot;yes&quot;,&quot;transition&quot;:&quot;slide&quot;,&quot;transition_speed&quot;:500}\" data-widget_type=\"slides.default\">\n\t\t\t\t<div class=\"elementor-widget-container\">\n\t\t\t<style>\/*! elementor-pro - v3.17.0 - 01-11-2023 *\/\n.elementor-slides .swiper-slide-bg{background-size:cover;background-position:50%;background-repeat:no-repeat;min-width:100%;min-height:100%}.elementor-slides .swiper-slide-inner{background-repeat:no-repeat;background-position:50%;position:absolute;top:0;left:0;bottom:0;right:0;padding:50px;margin:auto}.elementor-slides .swiper-slide-inner,.elementor-slides .swiper-slide-inner:hover{color:#fff;display:flex}.elementor-slides .swiper-slide-inner .elementor-background-overlay{position:absolute;z-index:0;top:0;bottom:0;left:0;right:0}.elementor-slides .swiper-slide-inner .elementor-slide-content{position:relative;z-index:1;width:100%}.elementor-slides .swiper-slide-inner .elementor-slide-heading{font-size:35px;font-weight:700;line-height:1}.elementor-slides .swiper-slide-inner .elementor-slide-description{font-size:17px;line-height:1.4}.elementor-slides .swiper-slide-inner .elementor-slide-description:not(:last-child),.elementor-slides .swiper-slide-inner .elementor-slide-heading:not(:last-child){margin-bottom:30px}.elementor-slides .swiper-slide-inner .elementor-slide-button{border:2px solid #fff;color:#fff;background:transparent;display:inline-block}.elementor-slides .swiper-slide-inner .elementor-slide-button,.elementor-slides .swiper-slide-inner .elementor-slide-button:hover{background:transparent;color:inherit;text-decoration:none}.elementor--v-position-top .swiper-slide-inner{align-items:flex-start}.elementor--v-position-bottom .swiper-slide-inner{align-items:flex-end}.elementor--v-position-middle .swiper-slide-inner{align-items:center}.elementor--h-position-left .swiper-slide-inner{justify-content:flex-start}.elementor--h-position-right .swiper-slide-inner{justify-content:flex-end}.elementor--h-position-center .swiper-slide-inner{justify-content:center}body.rtl .elementor-widget-slides .elementor-swiper-button-next{left:10px;right:auto}body.rtl .elementor-widget-slides .elementor-swiper-button-prev{right:10px;left:auto}.elementor-slides-wrapper div:not(.swiper-slide)>.swiper-slide-inner{display:none}@media (max-width:767px){.elementor-slides .swiper-slide-inner{padding:30px}.elementor-slides .swiper-slide-inner .elementor-slide-heading{font-size:23px;line-height:1;margin-bottom:15px}.elementor-slides .swiper-slide-inner .elementor-slide-description{font-size:13px;line-height:1.4;margin-bottom:15px}}<\/style>\t\t<div class=\"elementor-swiper\">\n\t\t\t<div class=\"elementor-slides-wrapper elementor-main-swiper swiper-container\" dir=\"ltr\" data-animation=\"fadeInUp\">\n\t\t\t\t<div class=\"swiper-wrapper elementor-slides\">\n\t\t\t\t\t\t\t\t\t\t<div class=\"elementor-repeater-item-2595b08 swiper-slide\"><div class=\"swiper-slide-bg elementor-ken-burns elementor-ken-burns--in\" role=\"img\"><\/div><div class=\"elementor-background-overlay\"><\/div><div class=\"swiper-slide-inner\" ><div class=\"swiper-slide-contents\"><div class=\"elementor-slide-heading\">About financial mechanisms<\/div><div class=\"elementor-slide-description\">The EEA Financial Mechanism and the Norwegian Financial Mechanism have their basis in the EEA Agreement. Under this agreement, Iceland, Liechtenstein and Norway are part of the European internal market.<\/div><\/div><\/div><\/div>\t\t\t\t<\/div>\n\t\t\t\t\t\t\t<\/div>\n\t\t<\/div>\n\t\t\t\t<\/div>\n\t\t\t\t<\/div>\n\t\t\t\t\t<\/div>\n\t\t<\/div>\n\t\t\t\t\t\t\t<\/div>\n\t\t<\/section>\n\t\t\t\t<section class=\"elementor-section elementor-top-section elementor-element elementor-element-69a10ae elementor-reverse-mobile elementor-section-boxed elementor-section-height-default elementor-section-height-default\" data-id=\"69a10ae\" data-element_type=\"section\">\n\t\t\t\t\t\t<div class=\"elementor-container elementor-column-gap-default\">\n\t\t\t\t\t<div class=\"elementor-column elementor-col-100 elementor-top-column elementor-element elementor-element-e0e62f1\" data-id=\"e0e62f1\" data-element_type=\"column\">\n\t\t\t<div class=\"elementor-widget-wrap elementor-element-populated\">\n\t\t\t\t\t\t\t\t<div class=\"elementor-element elementor-element-9a0fbe4 elementor-widget elementor-widget-text-editor\" data-id=\"9a0fbe4\" data-element_type=\"widget\" data-widget_type=\"text-editor.default\">\n\t\t\t\t<div class=\"elementor-widget-container\">\n\t\t\t<style>\/*! elementor - v3.17.0 - 01-11-2023 *\/\n.elementor-widget-text-editor.elementor-drop-cap-view-stacked .elementor-drop-cap{background-color:#69727d;color:#fff}.elementor-widget-text-editor.elementor-drop-cap-view-framed .elementor-drop-cap{color:#69727d;border:3px solid;background-color:transparent}.elementor-widget-text-editor:not(.elementor-drop-cap-view-default) .elementor-drop-cap{margin-top:8px}.elementor-widget-text-editor:not(.elementor-drop-cap-view-default) .elementor-drop-cap-letter{width:1em;height:1em}.elementor-widget-text-editor .elementor-drop-cap{float:left;text-align:center;line-height:1;font-size:50px}.elementor-widget-text-editor .elementor-drop-cap-letter{display:inline-block}<\/style>\t\t\t\t<p>The EEA Financial Mechanism and the Norwegian Financial Mechanism have their basis in the EEA Agreement. Under this agreement, Iceland, Liechtenstein and Norway are part of the European internal market. The agreement sets out the common goal of working together to reduce social and economic disparities in Europe and strengthening cooperation between European countries. For this purpose, the EEA Financial Mechanism and the Norwegian Financial Mechanism have been established. In total, Iceland, Liechtenstein and Norway have provided EUR 3.3 billion through consecutive grant schemes between 1994 and 2014.<\/p>\n<p>In April 2014, Croatia has become a member of the European Economic Area and was given the opportunity to benefit from the EEA Financial Mechanism and the Norwegian Financial Mechanism for the period 2009 \u2013 2014. During this period, Republic of Croatia was entitled to EUR 9,6 million.<\/p><p><span style=\"font-size: 14px;\">For the period 2014-2021, EUR 2.8 billion has been set aside under the Financial Mechanisms. The EEA Financial Mechanism (EUR 1.5 billion) are jointly financed by all three donors and available in all 15 countries. The Norwegian Financial Mechanism (EUR 1.3 billion) are financed solely by Norway and available in the 13 countries that joined the EU after 2003. During this period, Republic of Croatia is entitled to EUR 103,4 million, of which EUR 56,8 million comes from the EEA Financial Mechanism and EUR 46,6 million comes from the Norwegian Financial Mechanism.<\/span><\/p>\n<p><\/p>\t\t\t\t\t\t<\/div>\n\t\t\t\t<\/div>\n\t\t\t\t<div class=\"elementor-element elementor-element-55c81ea elementor-widget elementor-widget-image\" data-id=\"55c81ea\" data-element_type=\"widget\" data-widget_type=\"image.default\">\n\t\t\t\t<div class=\"elementor-widget-container\">\n\t\t\t<style>\/*! elementor - v3.17.0 - 01-11-2023 *\/\n.elementor-widget-image{text-align:center}.elementor-widget-image a{display:inline-block}.elementor-widget-image a img[src$=\".svg\"]{width:48px}.elementor-widget-image img{vertical-align:middle;display:inline-block}<\/style>\t\t\t\t\t\t\t\t\t\t\t\t\t<a href=\"https:\/\/solizag.hr\/wp-content\/uploads\/2022\/12\/Brosura-EGP-A5_EN_web.pdf\">\n\t\t\t\t\t\t\t<img decoding=\"async\" loading=\"lazy\" width=\"212\" height=\"300\" src=\"https:\/\/solizag.hr\/wp-content\/uploads\/2022\/12\/brosura_en.jpg\" class=\"attachment-medium size-medium wp-image-514\" alt=\"\" srcset=\"https:\/\/solizag.hr\/wp-content\/uploads\/2022\/12\/brosura_en.jpg 556w, https:\/\/solizag.hr\/wp-content\/uploads\/2022\/12\/brosura_en-211x300.jpg 211w, https:\/\/solizag.hr\/wp-content\/uploads\/2022\/12\/brosura_en-8x12.jpg 8w\" sizes=\"(max-width: 212px) 100vw, 212px\" \/>\t\t\t\t\t\t\t\t<\/a>\n\t\t\t\t\t\t\t\t\t\t\t\t\t\t\t<\/div>\n\t\t\t\t<\/div>\n\t\t\t\t<div class=\"elementor-element elementor-element-c3c8be5 elementor-align-center elementor-widget elementor-widget-button\" data-id=\"c3c8be5\" data-element_type=\"widget\" data-widget_type=\"button.default\">\n\t\t\t\t<div class=\"elementor-widget-container\">\n\t\t\t\t\t<div class=\"elementor-button-wrapper\">\n\t\t\t<a class=\"elementor-button elementor-button-link elementor-size-sm\" href=\"https:\/\/solizag.hr\/wp-content\/uploads\/2022\/12\/Brosura-EGP-A5_EN_web.pdf\">\n\t\t\t\t\t\t<span class=\"elementor-button-content-wrapper\">\n\t\t\t\t\t\t<span class=\"elementor-button-text\">FINANCIAL MECHANISMS - PDF BROCHURE<\/span>\n\t\t<\/span>\n\t\t\t\t\t<\/a>\n\t\t<\/div>\n\t\t\t\t<\/div>\n\t\t\t\t<\/div>\n\t\t\t\t<div class=\"elementor-element elementor-element-dc9ee4a elementor-widget elementor-widget-facebook-button\" data-id=\"dc9ee4a\" data-element_type=\"widget\" data-widget_type=\"facebook-button.default\">\n\t\t\t\t<div class=\"elementor-widget-container\">\n\t\t\t<style>\/*! elementor-pro - v3.17.0 - 01-11-2023 *\/\n.elementor-facebook-widget.fb_iframe_widget,.elementor-facebook-widget.fb_iframe_widget span{width:100%!important}.elementor-facebook-widget.fb_iframe_widget iframe{position:relative;width:100%!important}.elementor-facebook-widget.fb-like{height:1px}.elementor-widget-facebook-comments iframe{width:100%!important}<\/style>\t\t<div data-layout=\"standard\" data-colorscheme=\"light\" data-size=\"small\" data-show-faces=\"true\" class=\"elementor-facebook-widget fb-like\" data-href=\"https:\/\/solizag.hr\/en?p=71\" data-share=\"false\" data-action=\"like\"><\/div>\n\t\t\t\t<\/div>\n\t\t\t\t<\/div>\n\t\t\t\t\t<\/div>\n\t\t<\/div>\n\t\t\t\t\t\t\t<\/div>\n\t\t<\/section>\n\t\t\t\t\t\t\t<\/div>","protected":false},"excerpt":{"rendered":"<p>FINANCIJSKI MEHANIZMIEGP financijski mehanizam i Norve\u0161ki financijski mehanizam pridonose smanjenju dru\u0161tvenih i gospodarskih nejednakosti u Europi te istovremeno ja\u010daju bilateralnu suradnju izme\u0111u dr\u017eava darovateljica (Island, Lihten\u0161tajn i Norve\u0161ka) i dr\u017eava korisnica. Temelj za uspostavu dvaju financijskih mehanizama je Sporazum o Europskom gospodarskom prostoru iz 1994. godine koji je Islandu, Lihten\u0161tajnu i Norve\u0161koj omogu\u0107io sudjelovanje na [&hellip;]<\/p>","protected":false},"author":1,"featured_media":0,"parent":0,"menu_order":0,"comment_status":"closed","ping_status":"closed","template":"elementor_header_footer","meta":{"footnotes":""},"yoast_head":"<!-- This site is optimized with the Yoast SEO plugin v21.5 - https:\/\/yoast.com\/wordpress\/plugins\/seo\/ -->\n<title>Financijski mehanizmi - SOLIZAG<\/title>\n<meta name=\"robots\" content=\"index, follow, max-snippet:-1, max-image-preview:large, max-video-preview:-1\" \/>\n<link rel=\"canonical\" href=\"https:\/\/solizag.hr\/en\/financijski-mehanizmi\/\" \/>\n<meta property=\"og:locale\" content=\"en_GB\" \/>\n<meta property=\"og:type\" content=\"article\" \/>\n<meta property=\"og:title\" content=\"Financijski mehanizmi - SOLIZAG\" \/>\n<meta property=\"og:description\" content=\"FINANCIJSKI MEHANIZMIEGP financijski mehanizam i Norve\u0161ki financijski mehanizam pridonose smanjenju dru\u0161tvenih i gospodarskih nejednakosti u Europi te istovremeno ja\u010daju bilateralnu suradnju izme\u0111u dr\u017eava darovateljica (Island, Lihten\u0161tajn i Norve\u0161ka) i dr\u017eava korisnica. Temelj za uspostavu dvaju financijskih mehanizama je Sporazum o Europskom gospodarskom prostoru iz 1994. godine koji je Islandu, Lihten\u0161tajnu i Norve\u0161koj omogu\u0107io sudjelovanje na [&hellip;]\" \/>\n<meta property=\"og:url\" content=\"https:\/\/solizag.hr\/en\/financijski-mehanizmi\/\" \/>\n<meta property=\"og:site_name\" content=\"SOLIZAG\" \/>\n<meta property=\"article:modified_time\" content=\"2023-01-26T13:02:02+00:00\" \/>\n<meta property=\"og:image\" content=\"https:\/\/solizag.hr\/wp-content\/uploads\/2022\/12\/brosura-212x300.jpg\" \/>\n<meta name=\"twitter:card\" content=\"summary_large_image\" \/>\n<meta name=\"twitter:label1\" content=\"Estimated reading time\" \/>\n\t<meta name=\"twitter:data1\" content=\"2 minutes\" \/>\n<script type=\"application\/ld+json\" class=\"yoast-schema-graph\">{\"@context\":\"https:\/\/schema.org\",\"@graph\":[{\"@type\":\"WebPage\",\"@id\":\"https:\/\/solizag.hr\/hr\/financijski-mehanizmi\/\",\"url\":\"https:\/\/solizag.hr\/hr\/financijski-mehanizmi\/\",\"name\":\"Financijski mehanizmi - SOLIZAG\",\"isPartOf\":{\"@id\":\"https:\/\/solizag.hr\/hr\/#website\"},\"datePublished\":\"2022-12-15T10:37:57+00:00\",\"dateModified\":\"2023-01-26T13:02:02+00:00\",\"breadcrumb\":{\"@id\":\"https:\/\/solizag.hr\/hr\/financijski-mehanizmi\/#breadcrumb\"},\"inLanguage\":\"en-GB\",\"potentialAction\":[{\"@type\":\"ReadAction\",\"target\":[\"https:\/\/solizag.hr\/hr\/financijski-mehanizmi\/\"]}]},{\"@type\":\"BreadcrumbList\",\"@id\":\"https:\/\/solizag.hr\/hr\/financijski-mehanizmi\/#breadcrumb\",\"itemListElement\":[{\"@type\":\"ListItem\",\"position\":1,\"name\":\"Home\",\"item\":\"https:\/\/solizag.hr\/hr\/\"},{\"@type\":\"ListItem\",\"position\":2,\"name\":\"Financijski mehanizmi\"}]},{\"@type\":\"WebSite\",\"@id\":\"https:\/\/solizag.hr\/hr\/#website\",\"url\":\"https:\/\/solizag.hr\/hr\/\",\"name\":\"SOLIZAG\",\"description\":\"Zajedno za zelenu, konkurentnu i uklju\u010divu Europu\",\"publisher\":{\"@id\":\"https:\/\/solizag.hr\/hr\/#organization\"},\"potentialAction\":[{\"@type\":\"SearchAction\",\"target\":{\"@type\":\"EntryPoint\",\"urlTemplate\":\"https:\/\/solizag.hr\/hr\/?s={search_term_string}\"},\"query-input\":\"required name=search_term_string\"}],\"inLanguage\":\"en-GB\"},{\"@type\":\"Organization\",\"@id\":\"https:\/\/solizag.hr\/hr\/#organization\",\"name\":\"SOLIZAG\",\"url\":\"https:\/\/solizag.hr\/hr\/\",\"logo\":{\"@type\":\"ImageObject\",\"inLanguage\":\"en-GB\",\"@id\":\"https:\/\/solizag.hr\/hr\/#\/schema\/logo\/image\/\",\"url\":\"https:\/\/solizag.hr\/wp-content\/uploads\/2022\/12\/SOLIZAG3.png\",\"contentUrl\":\"https:\/\/solizag.hr\/wp-content\/uploads\/2022\/12\/SOLIZAG3.png\",\"width\":768,\"height\":180,\"caption\":\"SOLIZAG\"},\"image\":{\"@id\":\"https:\/\/solizag.hr\/hr\/#\/schema\/logo\/image\/\"}}]}<\/script>\n<!-- \/ Yoast SEO plugin. -->","yoast_head_json":{"title":"Financijski mehanizmi - SOLIZAG","robots":{"index":"index","follow":"follow","max-snippet":"max-snippet:-1","max-image-preview":"max-image-preview:large","max-video-preview":"max-video-preview:-1"},"canonical":"https:\/\/solizag.hr\/en\/financijski-mehanizmi\/","og_locale":"en_GB","og_type":"article","og_title":"Financijski mehanizmi - SOLIZAG","og_description":"FINANCIJSKI MEHANIZMIEGP financijski mehanizam i Norve\u0161ki financijski mehanizam pridonose smanjenju dru\u0161tvenih i gospodarskih nejednakosti u Europi te istovremeno ja\u010daju bilateralnu suradnju izme\u0111u dr\u017eava darovateljica (Island, Lihten\u0161tajn i Norve\u0161ka) i dr\u017eava korisnica. Temelj za uspostavu dvaju financijskih mehanizama je Sporazum o Europskom gospodarskom prostoru iz 1994. godine koji je Islandu, Lihten\u0161tajnu i Norve\u0161koj omogu\u0107io sudjelovanje na [&hellip;]","og_url":"https:\/\/solizag.hr\/en\/financijski-mehanizmi\/","og_site_name":"SOLIZAG","article_modified_time":"2023-01-26T13:02:02+00:00","og_image":[{"url":"https:\/\/solizag.hr\/wp-content\/uploads\/2022\/12\/brosura-212x300.jpg"}],"twitter_card":"summary_large_image","twitter_misc":{"Estimated reading time":"2 minutes"},"schema":{"@context":"https:\/\/schema.org","@graph":[{"@type":"WebPage","@id":"https:\/\/solizag.hr\/hr\/financijski-mehanizmi\/","url":"https:\/\/solizag.hr\/hr\/financijski-mehanizmi\/","name":"Financijski mehanizmi - SOLIZAG","isPartOf":{"@id":"https:\/\/solizag.hr\/hr\/#website"},"datePublished":"2022-12-15T10:37:57+00:00","dateModified":"2023-01-26T13:02:02+00:00","breadcrumb":{"@id":"https:\/\/solizag.hr\/hr\/financijski-mehanizmi\/#breadcrumb"},"inLanguage":"en-GB","potentialAction":[{"@type":"ReadAction","target":["https:\/\/solizag.hr\/hr\/financijski-mehanizmi\/"]}]},{"@type":"BreadcrumbList","@id":"https:\/\/solizag.hr\/hr\/financijski-mehanizmi\/#breadcrumb","itemListElement":[{"@type":"ListItem","position":1,"name":"Home","item":"https:\/\/solizag.hr\/hr\/"},{"@type":"ListItem","position":2,"name":"Financijski mehanizmi"}]},{"@type":"WebSite","@id":"https:\/\/solizag.hr\/hr\/#website","url":"https:\/\/solizag.hr\/hr\/","name":"SOLIZAG","description":"Zajedno za zelenu, konkurentnu i uklju\u010divu Europu","publisher":{"@id":"https:\/\/solizag.hr\/hr\/#organization"},"potentialAction":[{"@type":"SearchAction","target":{"@type":"EntryPoint","urlTemplate":"https:\/\/solizag.hr\/hr\/?s={search_term_string}"},"query-input":"required name=search_term_string"}],"inLanguage":"en-GB"},{"@type":"Organization","@id":"https:\/\/solizag.hr\/hr\/#organization","name":"SOLIZAG","url":"https:\/\/solizag.hr\/hr\/","logo":{"@type":"ImageObject","inLanguage":"en-GB","@id":"https:\/\/solizag.hr\/hr\/#\/schema\/logo\/image\/","url":"https:\/\/solizag.hr\/wp-content\/uploads\/2022\/12\/SOLIZAG3.png","contentUrl":"https:\/\/solizag.hr\/wp-content\/uploads\/2022\/12\/SOLIZAG3.png","width":768,"height":180,"caption":"SOLIZAG"},"image":{"@id":"https:\/\/solizag.hr\/hr\/#\/schema\/logo\/image\/"}}]}},"_links":{"self":[{"href":"https:\/\/solizag.hr\/en\/wp-json\/wp\/v2\/pages\/71"}],"collection":[{"href":"https:\/\/solizag.hr\/en\/wp-json\/wp\/v2\/pages"}],"about":[{"href":"https:\/\/solizag.hr\/en\/wp-json\/wp\/v2\/types\/page"}],"author":[{"embeddable":true,"href":"https:\/\/solizag.hr\/en\/wp-json\/wp\/v2\/users\/1"}],"replies":[{"embeddable":true,"href":"https:\/\/solizag.hr\/en\/wp-json\/wp\/v2\/comments?post=71"}],"version-history":[{"count":26,"href":"https:\/\/solizag.hr\/en\/wp-json\/wp\/v2\/pages\/71\/revisions"}],"predecessor-version":[{"id":1117,"href":"https:\/\/solizag.hr\/en\/wp-json\/wp\/v2\/pages\/71\/revisions\/1117"}],"wp:attachment":[{"href":"https:\/\/solizag.hr\/en\/wp-json\/wp\/v2\/media?parent=71"}],"curies":[{"name":"wp","href":"https:\/\/api.w.org\/{rel}","templated":true}]}}